{"id":2066,"date":"2023-09-18T16:48:42","date_gmt":"2023-09-18T16:48:42","guid":{"rendered":"https:\/\/resone.fr\/page-dattente-resone\/"},"modified":"2025-01-09T10:43:14","modified_gmt":"2025-01-09T10:43:14","slug":"page-dattente-resone","status":"publish","type":"page","link":"https:\/\/resone.fr\/en\/page-dattente-resone\/","title":{"rendered":"Landing page &#8211; R\u00e9s\u00f4ne"},"content":{"rendered":"\t\t<div data-elementor-type=\"wp-page\" data-elementor-id=\"2066\" class=\"elementor elementor-2066\" data-elementor-post-type=\"page\">\n\t\t\t\t<div class=\"elementor-element elementor-element-1694f4b1 e-con-full e-flex e-con e-parent\" data-id=\"1694f4b1\" data-element_type=\"container\" data-e-type=\"container\" data-settings=\"{&quot;background_background&quot;:&quot;classic&quot;}\">\n\t\t<div class=\"elementor-element elementor-element-718e628a e-con-full e-flex e-con e-child\" data-id=\"718e628a\" data-element_type=\"container\" data-e-type=\"container\">\n\t\t\t\t<\/div>\n\t\t<div class=\"elementor-element elementor-element-6e7a8dcb e-con-full e-flex e-con e-child\" data-id=\"6e7a8dcb\" data-element_type=\"container\" data-e-type=\"container\">\n\t\t<div class=\"elementor-element elementor-element-798e687d e-con-full frostedglass e-flex e-con e-child\" data-id=\"798e687d\" data-element_type=\"container\" data-e-type=\"container\" data-settings=\"{&quot;background_background&quot;:&quot;classic&quot;}\">\n\t\t\t\t<div class=\"elementor-element elementor-element-39b7e74 elementor-widget elementor-widget-image\" data-id=\"39b7e74\" data-element_type=\"widget\" data-e-type=\"widget\" data-widget_type=\"image.default\">\n\t\t\t\t<div class=\"elementor-widget-container\">\n\t\t\t\t\t\t\t\t\t\t\t\t\t\t\t<img fetchpriority=\"high\" decoding=\"async\" width=\"800\" height=\"327\" src=\"https:\/\/resone.fr\/wp-content\/uploads\/2023\/09\/Resone-logo-ok-2-1024x418.png\" class=\"attachment-large size-large wp-image-75\" alt=\"\" srcset=\"https:\/\/resone.fr\/wp-content\/uploads\/2023\/09\/Resone-logo-ok-2-1024x418.png 1024w, https:\/\/resone.fr\/wp-content\/uploads\/2023\/09\/Resone-logo-ok-2-300x122.png 300w, https:\/\/resone.fr\/wp-content\/uploads\/2023\/09\/Resone-logo-ok-2-768x313.png 768w, https:\/\/resone.fr\/wp-content\/uploads\/2023\/09\/Resone-logo-ok-2.png 1432w\" sizes=\"(max-width: 800px) 100vw, 800px\" \/>\t\t\t\t\t\t\t\t\t\t\t\t\t\t\t<\/div>\n\t\t\t\t<\/div>\n\t\t\t\t<div class=\"elementor-element elementor-element-7c17d1c elementor-widget elementor-widget-text-editor\" data-id=\"7c17d1c\" data-element_type=\"widget\" data-e-type=\"widget\" data-widget_type=\"text-editor.default\">\n\t\t\t\t<div class=\"elementor-widget-container\">\n\t\t\t\t\t\t\t\t\t<p><strong>RES\u00d4NE<\/strong> accompagne les <strong>FABRICANTS<\/strong> du secteur de la <strong>SONORISATION<\/strong> professionnelle \u00e0 la <strong>DEFINITION<\/strong> et au <strong>DEVELOPPEMENT<\/strong> des <strong>PRODUITS<\/strong> qui <strong>FERONT<\/strong> leur <strong>AVENIR<\/strong>.<\/p>\n\t\t\t\t\t\t\t\t<\/div>\n\t\t\t\t<\/div>\n\t\t\t\t<div class=\"elementor-element elementor-element-f3fa24d elementor-align-center elementor-widget elementor-widget-button\" data-id=\"f3fa24d\" data-element_type=\"widget\" data-e-type=\"widget\" data-widget_type=\"button.default\">\n\t\t\t\t<div class=\"elementor-widget-container\">\n\t\t\t\t\t\t\t\t\t<div class=\"elementor-button-wrapper\">\n\t\t\t\t\t<a class=\"elementor-button elementor-button-link elementor-size-lg\" href=\"#elementor-action%3Aaction%3Dpopup%3Aopen%26settings%3DeyJpZCI6IjY1IiwidG9nZ2xlIjpmYWxzZX0%3D\">\n\t\t\t\t\t\t<span class=\"elementor-button-content-wrapper\">\n\t\t\t\t\t\t\t\t\t<span class=\"elementor-button-text\">Contact<\/span>\n\t\t\t\t\t<\/span>\n\t\t\t\t\t<\/a>\n\t\t\t\t<\/div>\n\t\t\t\t\t\t\t\t<\/div>\n\t\t\t\t<\/div>\n\t\t\t\t<\/div>\n\t\t\t\t<\/div>\n\t\t\t\t<\/div>\n\t\t\t\t<\/div>\n\t\t","protected":false},"excerpt":{"rendered":"<p>RES\u00d4NE accompagne les FABRICANTS du secteur de la SONORISATION professionnelle \u00e0 la DEFINITION et au DEVELOPPEMENT des PRODUITS qui FERONT leur AVENIR. Contact<\/p>\n","protected":false},"author":2,"featured_media":2366,"parent":0,"menu_order":0,"comment_status":"closed","ping_status":"closed","template":"elementor_canvas","meta":{"footnotes":""},"class_list":["post-2066","page","type-page","status-publish","has-post-thumbnail","hentry"],"yoast_head":"<!-- This site is optimized with the Yoast SEO plugin v26.8 - https:\/\/yoast.com\/product\/yoast-seo-wordpress\/ -->\n<title>R&amp;D and Design of professional audio systems<\/title>\n<meta name=\"description\" content=\"Resone supports professional audio manufacturers in the definition, design and development of the products that will make their future.\" \/>\n<meta name=\"robots\" content=\"index, follow, max-snippet:-1, max-image-preview:large, max-video-preview:-1\" \/>\n<link rel=\"canonical\" href=\"https:\/\/resone.fr\/en\/page-dattente-resone\/\" \/>\n<meta property=\"og:locale\" content=\"en_US\" \/>\n<meta property=\"og:type\" content=\"article\" \/>\n<meta property=\"og:title\" content=\"Resone - Pro Audio design + R&amp;D\" \/>\n<meta property=\"og:description\" content=\"Resone est sp\u00e9cialis\u00e9e dans le design et la conception de syst\u00e8mes audio professionnels\" \/>\n<meta property=\"og:url\" content=\"https:\/\/resone.fr\/en\/page-dattente-resone\/\" \/>\n<meta property=\"og:site_name\" content=\"Resone : Design et R&amp;D de syst\u00e8mes audio professionnels\" \/>\n<meta property=\"article:modified_time\" content=\"2025-01-09T10:43:14+00:00\" \/>\n<meta property=\"og:image\" content=\"https:\/\/resone.fr\/wp-content\/uploads\/2023\/11\/background-social-1.2-resone.png\" \/>\n\t<meta property=\"og:image:width\" content=\"1296\" \/>\n\t<meta property=\"og:image:height\" content=\"718\" \/>\n\t<meta property=\"og:image:type\" content=\"image\/png\" \/>\n<meta name=\"twitter:card\" content=\"summary_large_image\" \/>\n<meta name=\"twitter:label1\" content=\"Est. reading time\" \/>\n\t<meta name=\"twitter:data1\" content=\"1 minute\" \/>\n<script type=\"application\/ld+json\" class=\"yoast-schema-graph\">{\"@context\":\"https:\/\/schema.org\",\"@graph\":[{\"@type\":\"WebPage\",\"@id\":\"https:\/\/resone.fr\/en\/page-dattente-resone\/\",\"url\":\"https:\/\/resone.fr\/en\/page-dattente-resone\/\",\"name\":\"R&D and Design of professional audio systems\",\"isPartOf\":{\"@id\":\"https:\/\/resone.fr\/en\/#website\"},\"primaryImageOfPage\":{\"@id\":\"https:\/\/resone.fr\/en\/page-dattente-resone\/#primaryimage\"},\"image\":{\"@id\":\"https:\/\/resone.fr\/en\/page-dattente-resone\/#primaryimage\"},\"thumbnailUrl\":\"https:\/\/resone.fr\/wp-content\/uploads\/2023\/11\/background-social-1.2-resone.png\",\"datePublished\":\"2023-09-18T16:48:42+00:00\",\"dateModified\":\"2025-01-09T10:43:14+00:00\",\"description\":\"Resone supports professional audio manufacturers in the definition, design and development of the products that will make their future.\",\"breadcrumb\":{\"@id\":\"https:\/\/resone.fr\/en\/page-dattente-resone\/#breadcrumb\"},\"inLanguage\":\"en-US\",\"potentialAction\":[{\"@type\":\"ReadAction\",\"target\":[\"https:\/\/resone.fr\/en\/page-dattente-resone\/\"]}]},{\"@type\":\"ImageObject\",\"inLanguage\":\"en-US\",\"@id\":\"https:\/\/resone.fr\/en\/page-dattente-resone\/#primaryimage\",\"url\":\"https:\/\/resone.fr\/wp-content\/uploads\/2023\/11\/background-social-1.2-resone.png\",\"contentUrl\":\"https:\/\/resone.fr\/wp-content\/uploads\/2023\/11\/background-social-1.2-resone.png\",\"width\":1296,\"height\":718,\"caption\":\"R\u00e9s\u00f4ne Welcome\"},{\"@type\":\"BreadcrumbList\",\"@id\":\"https:\/\/resone.fr\/en\/page-dattente-resone\/#breadcrumb\",\"itemListElement\":[{\"@type\":\"ListItem\",\"position\":1,\"name\":\"Accueil\",\"item\":\"https:\/\/resone.fr\/en\/\"},{\"@type\":\"ListItem\",\"position\":2,\"name\":\"Landing page &#8211; R\u00e9s\u00f4ne\"}]},{\"@type\":\"WebSite\",\"@id\":\"https:\/\/resone.fr\/en\/#website\",\"url\":\"https:\/\/resone.fr\/en\/\",\"name\":\"Resone : Design et R&amp;D de syst\u00e8mes audio professionnels\",\"description\":\"Resone accompagne les fabricants du secteur de la sonorisation professionnelle \u00e0 la d\u00e9finition, au design et au d\u00e9veloppement des produits qui feront leur avenir\",\"publisher\":{\"@id\":\"https:\/\/resone.fr\/en\/#organization\"},\"potentialAction\":[{\"@type\":\"SearchAction\",\"target\":{\"@type\":\"EntryPoint\",\"urlTemplate\":\"https:\/\/resone.fr\/en\/?s={search_term_string}\"},\"query-input\":{\"@type\":\"PropertyValueSpecification\",\"valueRequired\":true,\"valueName\":\"search_term_string\"}}],\"inLanguage\":\"en-US\"},{\"@type\":\"Organization\",\"@id\":\"https:\/\/resone.fr\/en\/#organization\",\"name\":\"Resone : Design et R&amp;D de syst\u00e8mes audio professionnels\",\"url\":\"https:\/\/resone.fr\/en\/\",\"logo\":{\"@type\":\"ImageObject\",\"inLanguage\":\"en-US\",\"@id\":\"https:\/\/resone.fr\/en\/#\/schema\/logo\/image\/\",\"url\":\"https:\/\/resone.fr\/wp-content\/uploads\/2023\/09\/cropped-Resone-logo-A4.webp\",\"contentUrl\":\"https:\/\/resone.fr\/wp-content\/uploads\/2023\/09\/cropped-Resone-logo-A4.webp\",\"width\":580,\"height\":290,\"caption\":\"Resone : Design et R&amp;D de syst\u00e8mes audio professionnels\"},\"image\":{\"@id\":\"https:\/\/resone.fr\/en\/#\/schema\/logo\/image\/\"}}]}<\/script>\n<!-- \/ Yoast SEO plugin. -->","yoast_head_json":{"title":"R&D and Design of professional audio systems","description":"Resone supports professional audio manufacturers in the definition, design and development of the products that will make their future.","robots":{"index":"index","follow":"follow","max-snippet":"max-snippet:-1","max-image-preview":"max-image-preview:large","max-video-preview":"max-video-preview:-1"},"canonical":"https:\/\/resone.fr\/en\/page-dattente-resone\/","og_locale":"en_US","og_type":"article","og_title":"Resone - Pro Audio design + R&D","og_description":"Resone est sp\u00e9cialis\u00e9e dans le design et la conception de syst\u00e8mes audio professionnels","og_url":"https:\/\/resone.fr\/en\/page-dattente-resone\/","og_site_name":"Resone : Design et R&amp;D de syst\u00e8mes audio professionnels","article_modified_time":"2025-01-09T10:43:14+00:00","og_image":[{"width":1296,"height":718,"url":"https:\/\/resone.fr\/wp-content\/uploads\/2023\/11\/background-social-1.2-resone.png","type":"image\/png"}],"twitter_card":"summary_large_image","twitter_misc":{"Est. reading time":"1 minute"},"schema":{"@context":"https:\/\/schema.org","@graph":[{"@type":"WebPage","@id":"https:\/\/resone.fr\/en\/page-dattente-resone\/","url":"https:\/\/resone.fr\/en\/page-dattente-resone\/","name":"R&D and Design of professional audio systems","isPartOf":{"@id":"https:\/\/resone.fr\/en\/#website"},"primaryImageOfPage":{"@id":"https:\/\/resone.fr\/en\/page-dattente-resone\/#primaryimage"},"image":{"@id":"https:\/\/resone.fr\/en\/page-dattente-resone\/#primaryimage"},"thumbnailUrl":"https:\/\/resone.fr\/wp-content\/uploads\/2023\/11\/background-social-1.2-resone.png","datePublished":"2023-09-18T16:48:42+00:00","dateModified":"2025-01-09T10:43:14+00:00","description":"Resone supports professional audio manufacturers in the definition, design and development of the products that will make their future.","breadcrumb":{"@id":"https:\/\/resone.fr\/en\/page-dattente-resone\/#breadcrumb"},"inLanguage":"en-US","potentialAction":[{"@type":"ReadAction","target":["https:\/\/resone.fr\/en\/page-dattente-resone\/"]}]},{"@type":"ImageObject","inLanguage":"en-US","@id":"https:\/\/resone.fr\/en\/page-dattente-resone\/#primaryimage","url":"https:\/\/resone.fr\/wp-content\/uploads\/2023\/11\/background-social-1.2-resone.png","contentUrl":"https:\/\/resone.fr\/wp-content\/uploads\/2023\/11\/background-social-1.2-resone.png","width":1296,"height":718,"caption":"R\u00e9s\u00f4ne Welcome"},{"@type":"BreadcrumbList","@id":"https:\/\/resone.fr\/en\/page-dattente-resone\/#breadcrumb","itemListElement":[{"@type":"ListItem","position":1,"name":"Accueil","item":"https:\/\/resone.fr\/en\/"},{"@type":"ListItem","position":2,"name":"Landing page &#8211; R\u00e9s\u00f4ne"}]},{"@type":"WebSite","@id":"https:\/\/resone.fr\/en\/#website","url":"https:\/\/resone.fr\/en\/","name":"Resone : Design et R&amp;D de syst\u00e8mes audio professionnels","description":"Resone accompagne les fabricants du secteur de la sonorisation professionnelle \u00e0 la d\u00e9finition, au design et au d\u00e9veloppement des produits qui feront leur avenir","publisher":{"@id":"https:\/\/resone.fr\/en\/#organization"},"potentialAction":[{"@type":"SearchAction","target":{"@type":"EntryPoint","urlTemplate":"https:\/\/resone.fr\/en\/?s={search_term_string}"},"query-input":{"@type":"PropertyValueSpecification","valueRequired":true,"valueName":"search_term_string"}}],"inLanguage":"en-US"},{"@type":"Organization","@id":"https:\/\/resone.fr\/en\/#organization","name":"Resone : Design et R&amp;D de syst\u00e8mes audio professionnels","url":"https:\/\/resone.fr\/en\/","logo":{"@type":"ImageObject","inLanguage":"en-US","@id":"https:\/\/resone.fr\/en\/#\/schema\/logo\/image\/","url":"https:\/\/resone.fr\/wp-content\/uploads\/2023\/09\/cropped-Resone-logo-A4.webp","contentUrl":"https:\/\/resone.fr\/wp-content\/uploads\/2023\/09\/cropped-Resone-logo-A4.webp","width":580,"height":290,"caption":"Resone : Design et R&amp;D de syst\u00e8mes audio professionnels"},"image":{"@id":"https:\/\/resone.fr\/en\/#\/schema\/logo\/image\/"}}]}},"_links":{"self":[{"href":"https:\/\/resone.fr\/en\/wp-json\/wp\/v2\/pages\/2066","targetHints":{"allow":["GET"]}}],"collection":[{"href":"https:\/\/resone.fr\/en\/wp-json\/wp\/v2\/pages"}],"about":[{"href":"https:\/\/resone.fr\/en\/wp-json\/wp\/v2\/types\/page"}],"author":[{"embeddable":true,"href":"https:\/\/resone.fr\/en\/wp-json\/wp\/v2\/users\/2"}],"replies":[{"embeddable":true,"href":"https:\/\/resone.fr\/en\/wp-json\/wp\/v2\/comments?post=2066"}],"version-history":[{"count":5,"href":"https:\/\/resone.fr\/en\/wp-json\/wp\/v2\/pages\/2066\/revisions"}],"predecessor-version":[{"id":2687,"href":"https:\/\/resone.fr\/en\/wp-json\/wp\/v2\/pages\/2066\/revisions\/2687"}],"wp:featuredmedia":[{"embeddable":true,"href":"https:\/\/resone.fr\/en\/wp-json\/wp\/v2\/media\/2366"}],"wp:attachment":[{"href":"https:\/\/resone.fr\/en\/wp-json\/wp\/v2\/media?parent=2066"}],"curies":[{"name":"wp","href":"https:\/\/api.w.org\/{rel}","templated":true}]}}