{"id":2322,"date":"2023-11-03T10:37:28","date_gmt":"2023-11-03T10:37:28","guid":{"rendered":"https:\/\/resone.fr\/ok-about-fr\/"},"modified":"2023-11-08T16:09:59","modified_gmt":"2023-11-08T16:09:59","slug":"about","status":"publish","type":"page","link":"https:\/\/resone.fr\/en\/about\/","title":{"rendered":"OK About EN"},"content":{"rendered":"\t\t<div data-elementor-type=\"wp-page\" data-elementor-id=\"2322\" class=\"elementor elementor-2322\" data-elementor-post-type=\"page\">\n\t\t\t\t<div class=\"elementor-element elementor-element-694750d e-flex e-con-boxed e-con e-parent\" data-id=\"694750d\" data-element_type=\"container\" data-e-type=\"container\" id=\"about\" data-settings=\"{&quot;background_background&quot;:&quot;classic&quot;}\">\n\t\t\t\t\t<div class=\"e-con-inner\">\n\t\t<div class=\"elementor-element elementor-element-23f170cc e-con-full e-flex e-con e-child\" data-id=\"23f170cc\" data-element_type=\"container\" data-e-type=\"container\">\n\t\t<div class=\"elementor-element elementor-element-38cb0028 e-flex e-con-boxed e-con e-child\" data-id=\"38cb0028\" data-element_type=\"container\" data-e-type=\"container\">\n\t\t\t\t\t<div class=\"e-con-inner\">\n\t\t<div class=\"elementor-element elementor-element-410105da e-con-full e-flex e-con e-child\" data-id=\"410105da\" data-element_type=\"container\" data-e-type=\"container\">\n\t\t\t\t<div class=\"elementor-element elementor-element-14c2fa5f elementor-widget elementor-widget-heading\" data-id=\"14c2fa5f\" data-element_type=\"widget\" data-e-type=\"widget\" data-widget_type=\"heading.default\">\n\t\t\t\t<div class=\"elementor-widget-container\">\n\t\t\t\t\t<h2 class=\"elementor-heading-title elementor-size-default\"><span style=\"font-family: elastic stretch, sans-serif\">G<\/span><span style=\"font-family: lato, sans-serif\">uillaume <\/span><span style=\"font-family: elastic stretch, sans-serif\">BODA<\/h2>\t\t\t\t<\/div>\n\t\t\t\t<\/div>\n\t\t\t\t<div class=\"elementor-element elementor-element-1a0738ec elementor-widget elementor-widget-text-editor\" data-id=\"1a0738ec\" data-element_type=\"widget\" data-e-type=\"widget\" data-widget_type=\"text-editor.default\">\n\t\t\t\t<div class=\"elementor-widget-container\">\n\t\t\t\t\t\t\t\t\t<div id=\"comp-itmti76r\" class=\"KcpHeO tz5f0K comp-itmti76r wixui-rich-text\" data-testid=\"richTextElement\">Trained as an acoustician (University of Le Mans &#8211; 2003), Guillaume joined the R&amp;D team of a major manufacturer of professional loudspeakers, near Paris, and quickly took on a role in the product&#8217;s design process.<\/div><div data-testid=\"richTextElement\">\u00a0<\/div><div class=\"KcpHeO tz5f0K comp-itmti76r wixui-rich-text\" data-testid=\"richTextElement\">The challenge takes an international turn, this time in Melbourne, Australia. Taking part to the creation a full R&amp;D department, he handles the development of audio products and oversees the industrialization for a fast-growing Australian company.<\/div>\t\t\t\t\t\t\t\t<\/div>\n\t\t\t\t<\/div>\n\t\t\t\t<\/div>\n\t\t<div class=\"elementor-element elementor-element-1dcaceb6 e-con-full elementor-hidden-mobile e-flex e-con e-child\" data-id=\"1dcaceb6\" data-element_type=\"container\" data-e-type=\"container\" data-settings=\"{&quot;background_background&quot;:&quot;classic&quot;}\">\n\t\t\t\t<\/div>\n\t\t\t\t\t<\/div>\n\t\t\t\t<\/div>\n\t\t<div class=\"elementor-element elementor-element-9699287 e-flex e-con-boxed e-con e-child\" data-id=\"9699287\" data-element_type=\"container\" data-e-type=\"container\">\n\t\t\t\t\t<div class=\"e-con-inner\">\n\t\t\t\t<div class=\"elementor-element elementor-element-7da8d403 elementor-widget elementor-widget-heading\" data-id=\"7da8d403\" data-element_type=\"widget\" data-e-type=\"widget\" data-widget_type=\"heading.default\">\n\t\t\t\t<div class=\"elementor-widget-container\">\n\t\t\t\t\t<h2 class=\"elementor-heading-title elementor-size-default\">F<span style=\"font-family: lato, sans-serif\">rom <span style=\"font-family: elastic stretch, sans-serif\">TECHNICS <span style=\"font-family: lato, sans-serif\">to <span style=\"font-family: elastic stretch, sans-serif\">DESIGN<\/h2>\t\t\t\t<\/div>\n\t\t\t\t<\/div>\n\t\t\t\t<div class=\"elementor-element elementor-element-165c69d3 elementor-widget elementor-widget-text-editor\" data-id=\"165c69d3\" data-element_type=\"widget\" data-e-type=\"widget\" data-widget_type=\"text-editor.default\">\n\t\t\t\t<div class=\"elementor-widget-container\">\n\t\t\t\t\t\t\t\t\t<p>In 2012, a new brand of loudspeakers, entirely made in France, is born out of the concept of architectural professional loudspeakers, designed not just for their technical features, but also for their design. Guillaume holds the role of designer and creator of the brand&#8217;s products, as well as principal manager of the company.<\/p><p>Almost 10 years after this first steps in this now actual trend on the professional audio market, Guillaume decides to focus on the product&#8217;s sketch to market methodology.<\/p><p>R\u00e9s\u00f4ne was founded in 2023, with the aim of concentrating on the ideation, design and development of innovative audio products.<\/p>\t\t\t\t\t\t\t\t<\/div>\n\t\t\t\t<\/div>\n\t\t\t\t\t<\/div>\n\t\t\t\t<\/div>\n\t\t\t\t<\/div>\n\t\t\t\t\t<\/div>\n\t\t\t\t<\/div>\n\t\t<div class=\"elementor-element elementor-element-25ff6f3e e-flex e-con-boxed e-con e-parent\" data-id=\"25ff6f3e\" data-element_type=\"container\" data-e-type=\"container\" id=\"valeurs\" data-settings=\"{&quot;background_background&quot;:&quot;classic&quot;}\">\n\t\t\t\t\t<div class=\"e-con-inner\">\n\t\t<div class=\"elementor-element elementor-element-3e53a055 e-con-full e-flex e-con e-child\" data-id=\"3e53a055\" data-element_type=\"container\" data-e-type=\"container\">\n\t\t\t\t<div class=\"elementor-element elementor-element-31bf2a2a elementor-widget elementor-widget-heading\" data-id=\"31bf2a2a\" data-element_type=\"widget\" data-e-type=\"widget\" data-widget_type=\"heading.default\">\n\t\t\t\t<div class=\"elementor-widget-container\">\n\t\t\t\t\t<h2 class=\"elementor-heading-title elementor-size-default\">OUR VALUES<\/h2>\t\t\t\t<\/div>\n\t\t\t\t<\/div>\n\t\t\t\t<div class=\"elementor-element elementor-element-502fda5b elementor-widget__width-initial elementor-widget elementor-widget-text-editor\" data-id=\"502fda5b\" data-element_type=\"widget\" data-e-type=\"widget\" data-widget_type=\"text-editor.default\">\n\t\t\t\t<div class=\"elementor-widget-container\">\n\t\t\t\t\t\t\t\t\t<p>As part of our commitment to quality and eager to listen to our customers, we attach a particular importance to existing and transparent subcontracting networks, to recyclable materials and to environmentally-friendly processes and components.<\/p>\t\t\t\t\t\t\t\t<\/div>\n\t\t\t\t<\/div>\n\t\t<div class=\"elementor-element elementor-element-63023a0b e-con-full e-flex e-con e-child\" data-id=\"63023a0b\" data-element_type=\"container\" data-e-type=\"container\">\n\t\t\t\t<div class=\"elementor-element elementor-element-675a3f6 elementor-icon-list--layout-traditional elementor-list-item-link-full_width elementor-widget elementor-widget-icon-list\" data-id=\"675a3f6\" data-element_type=\"widget\" data-e-type=\"widget\" data-widget_type=\"icon-list.default\">\n\t\t\t\t<div class=\"elementor-widget-container\">\n\t\t\t\t\t\t\t<ul class=\"elementor-icon-list-items\">\n\t\t\t\t\t\t\t<li class=\"elementor-icon-list-item\">\n\t\t\t\t\t\t\t\t\t\t\t<span class=\"elementor-icon-list-icon\">\n\t\t\t\t\t\t\t<svg aria-hidden=\"true\" class=\"e-font-icon-svg e-fas-check\" viewBox=\"0 0 512 512\" xmlns=\"http:\/\/www.w3.org\/2000\/svg\"><path d=\"M173.898 439.404l-166.4-166.4c-9.997-9.997-9.997-26.206 0-36.204l36.203-36.204c9.997-9.998 26.207-9.998 36.204 0L192 312.69 432.095 72.596c9.997-9.997 26.207-9.997 36.204 0l36.203 36.204c9.997 9.997 9.997 26.206 0 36.204l-294.4 294.401c-9.998 9.997-26.207 9.997-36.204-.001z\"><\/path><\/svg>\t\t\t\t\t\t<\/span>\n\t\t\t\t\t\t\t\t\t\t<span class=\"elementor-icon-list-text\">Respect of Intellectual property<\/span>\n\t\t\t\t\t\t\t\t\t<\/li>\n\t\t\t\t\t\t\t\t<li class=\"elementor-icon-list-item\">\n\t\t\t\t\t\t\t\t\t\t\t<span class=\"elementor-icon-list-icon\">\n\t\t\t\t\t\t\t<svg aria-hidden=\"true\" class=\"e-font-icon-svg e-fas-check\" viewBox=\"0 0 512 512\" xmlns=\"http:\/\/www.w3.org\/2000\/svg\"><path d=\"M173.898 439.404l-166.4-166.4c-9.997-9.997-9.997-26.206 0-36.204l36.203-36.204c9.997-9.998 26.207-9.998 36.204 0L192 312.69 432.095 72.596c9.997-9.997 26.207-9.997 36.204 0l36.203 36.204c9.997 9.997 9.997 26.206 0 36.204l-294.4 294.401c-9.998 9.997-26.207 9.997-36.204-.001z\"><\/path><\/svg>\t\t\t\t\t\t<\/span>\n\t\t\t\t\t\t\t\t\t\t<span class=\"elementor-icon-list-text\">Product sustainability<\/span>\n\t\t\t\t\t\t\t\t\t<\/li>\n\t\t\t\t\t\t\t\t<li class=\"elementor-icon-list-item\">\n\t\t\t\t\t\t\t\t\t\t\t<span class=\"elementor-icon-list-icon\">\n\t\t\t\t\t\t\t<svg aria-hidden=\"true\" class=\"e-font-icon-svg e-fas-check\" viewBox=\"0 0 512 512\" xmlns=\"http:\/\/www.w3.org\/2000\/svg\"><path d=\"M173.898 439.404l-166.4-166.4c-9.997-9.997-9.997-26.206 0-36.204l36.203-36.204c9.997-9.998 26.207-9.998 36.204 0L192 312.69 432.095 72.596c9.997-9.997 26.207-9.997 36.204 0l36.203 36.204c9.997 9.997 9.997 26.206 0 36.204l-294.4 294.401c-9.998 9.997-26.207 9.997-36.204-.001z\"><\/path><\/svg>\t\t\t\t\t\t<\/span>\n\t\t\t\t\t\t\t\t\t\t<span class=\"elementor-icon-list-text\">Environmentally-friendly materials and processes<\/span>\n\t\t\t\t\t\t\t\t\t<\/li>\n\t\t\t\t\t\t\t\t<li class=\"elementor-icon-list-item\">\n\t\t\t\t\t\t\t\t\t\t\t<span class=\"elementor-icon-list-icon\">\n\t\t\t\t\t\t\t<svg aria-hidden=\"true\" class=\"e-font-icon-svg e-fas-check\" viewBox=\"0 0 512 512\" xmlns=\"http:\/\/www.w3.org\/2000\/svg\"><path d=\"M173.898 439.404l-166.4-166.4c-9.997-9.997-9.997-26.206 0-36.204l36.203-36.204c9.997-9.998 26.207-9.998 36.204 0L192 312.69 432.095 72.596c9.997-9.997 26.207-9.997 36.204 0l36.203 36.204c9.997 9.997 9.997 26.206 0 36.204l-294.4 294.401c-9.998 9.997-26.207 9.997-36.204-.001z\"><\/path><\/svg>\t\t\t\t\t\t<\/span>\n\t\t\t\t\t\t\t\t\t\t<span class=\"elementor-icon-list-text\">Local and identifiable supplying networks<\/span>\n\t\t\t\t\t\t\t\t\t<\/li>\n\t\t\t\t\t\t<\/ul>\n\t\t\t\t\t\t<\/div>\n\t\t\t\t<\/div>\n\t\t\t\t<\/div>\n\t\t\t\t<\/div>\n\t\t<div class=\"elementor-element elementor-element-4dadae7 e-con-full e-flex elementor-invisible e-con e-child\" data-id=\"4dadae7\" data-element_type=\"container\" data-e-type=\"container\" data-settings=\"{&quot;motion_fx_translateX_effect&quot;:&quot;yes&quot;,&quot;motion_fx_translateX_speed&quot;:{&quot;unit&quot;:&quot;px&quot;,&quot;size&quot;:3,&quot;sizes&quot;:[]},&quot;motion_fx_translateX_affectedRange&quot;:{&quot;unit&quot;:&quot;%&quot;,&quot;size&quot;:&quot;&quot;,&quot;sizes&quot;:{&quot;start&quot;:0,&quot;end&quot;:50}},&quot;animation&quot;:&quot;slideInRight&quot;,&quot;motion_fx_motion_fx_scrolling&quot;:&quot;yes&quot;,&quot;motion_fx_devices&quot;:[&quot;desktop&quot;,&quot;tablet&quot;,&quot;mobile&quot;]}\">\n\t\t\t\t<div class=\"elementor-element elementor-element-67d10d44 elementor-widget elementor-widget-image\" data-id=\"67d10d44\" data-element_type=\"widget\" data-e-type=\"widget\" data-widget_type=\"image.default\">\n\t\t\t\t<div class=\"elementor-widget-container\">\n\t\t\t\t\t\t\t\t\t\t\t\t\t\t\t<img fetchpriority=\"high\" decoding=\"async\" width=\"200\" height=\"300\" src=\"https:\/\/resone.fr\/wp-content\/uploads\/2023\/10\/AS-_vegetation-Botani-cafe-200x300.jpg\" class=\"attachment-medium size-medium wp-image-791\" alt=\"\" srcset=\"https:\/\/resone.fr\/wp-content\/uploads\/2023\/10\/AS-_vegetation-Botani-cafe-200x300.jpg 200w, https:\/\/resone.fr\/wp-content\/uploads\/2023\/10\/AS-_vegetation-Botani-cafe-683x1024.jpg 683w, https:\/\/resone.fr\/wp-content\/uploads\/2023\/10\/AS-_vegetation-Botani-cafe-768x1152.jpg 768w, https:\/\/resone.fr\/wp-content\/uploads\/2023\/10\/AS-_vegetation-Botani-cafe.jpg 800w\" sizes=\"(max-width: 200px) 100vw, 200px\" \/>\t\t\t\t\t\t\t\t\t\t\t\t\t\t\t<\/div>\n\t\t\t\t<\/div>\n\t\t\t\t<\/div>\n\t\t\t\t\t<\/div>\n\t\t\t\t<\/div>\n\t\t<div class=\"elementor-element elementor-element-3181985a e-flex e-con-boxed e-con e-parent\" data-id=\"3181985a\" data-element_type=\"container\" data-e-type=\"container\" data-settings=\"{&quot;background_background&quot;:&quot;classic&quot;}\">\n\t\t\t\t\t<div class=\"e-con-inner\">\n\t\t\t\t\t<\/div>\n\t\t\t\t<\/div>\n\t\t\t\t<\/div>\n\t\t","protected":false},"excerpt":{"rendered":"<p>Guillaume BODA Trained as an acoustician (University of Le Mans &#8211; 2003), Guillaume joined the R&amp;D team of a major manufacturer of professional loudspeakers, near Paris, and quickly took on a role in the product&#8217;s design process.\u00a0The challenge takes an international turn, this time in Melbourne, Australia. Taking part to the creation a full R&amp;D [&hellip;]<\/p>\n","protected":false},"author":2,"featured_media":2366,"parent":0,"menu_order":0,"comment_status":"closed","ping_status":"closed","template":"elementor_header_footer","meta":{"footnotes":""},"class_list":["post-2322","page","type-page","status-publish","has-post-thumbnail","hentry"],"yoast_head":"<!-- This site is optimized with the Yoast SEO plugin v26.8 - https:\/\/yoast.com\/product\/yoast-seo-wordpress\/ -->\n<title>Resone \/ Design and R&amp;D in pro audio, our background and values<\/title>\n<meta name=\"description\" content=\"Resone offers R&amp;D, design and development services for professional audio products and solutions #audio #architecture #proaudio\" \/>\n<meta name=\"robots\" content=\"index, follow, max-snippet:-1, max-image-preview:large, max-video-preview:-1\" \/>\n<link rel=\"canonical\" href=\"https:\/\/resone.fr\/en\/about\/\" \/>\n<meta property=\"og:locale\" content=\"en_US\" \/>\n<meta property=\"og:type\" content=\"article\" \/>\n<meta property=\"og:title\" content=\"Resone - Audio pro Design + R&amp;D\" \/>\n<meta property=\"og:description\" content=\"Resone is specialized in the design and development of professional audio systems\" \/>\n<meta property=\"og:url\" content=\"https:\/\/resone.fr\/en\/about\/\" \/>\n<meta property=\"og:site_name\" content=\"Resone : Design et R&amp;D de syst\u00e8mes audio professionnels\" \/>\n<meta property=\"article:modified_time\" content=\"2023-11-08T16:09:59+00:00\" \/>\n<meta property=\"og:image\" content=\"https:\/\/resone.fr\/wp-content\/uploads\/2023\/11\/background-social-1.2-resone.png\" \/>\n\t<meta property=\"og:image:width\" content=\"1296\" \/>\n\t<meta property=\"og:image:height\" content=\"718\" \/>\n\t<meta property=\"og:image:type\" content=\"image\/png\" \/>\n<meta name=\"twitter:card\" content=\"summary_large_image\" \/>\n<meta name=\"twitter:label1\" content=\"Est. reading time\" \/>\n\t<meta name=\"twitter:data1\" content=\"2 minutes\" \/>\n<script type=\"application\/ld+json\" class=\"yoast-schema-graph\">{\"@context\":\"https:\/\/schema.org\",\"@graph\":[{\"@type\":\"WebPage\",\"@id\":\"https:\/\/resone.fr\/en\/about\/\",\"url\":\"https:\/\/resone.fr\/en\/about\/\",\"name\":\"Resone \/ Design and R&D in pro audio, our background and values\",\"isPartOf\":{\"@id\":\"https:\/\/resone.fr\/en\/#website\"},\"primaryImageOfPage\":{\"@id\":\"https:\/\/resone.fr\/en\/about\/#primaryimage\"},\"image\":{\"@id\":\"https:\/\/resone.fr\/en\/about\/#primaryimage\"},\"thumbnailUrl\":\"https:\/\/resone.fr\/wp-content\/uploads\/2023\/11\/background-social-1.2-resone.png\",\"datePublished\":\"2023-11-03T10:37:28+00:00\",\"dateModified\":\"2023-11-08T16:09:59+00:00\",\"description\":\"Resone offers R&D, design and development services for professional audio products and solutions #audio #architecture #proaudio\",\"breadcrumb\":{\"@id\":\"https:\/\/resone.fr\/en\/about\/#breadcrumb\"},\"inLanguage\":\"en-US\",\"potentialAction\":[{\"@type\":\"ReadAction\",\"target\":[\"https:\/\/resone.fr\/en\/about\/\"]}]},{\"@type\":\"ImageObject\",\"inLanguage\":\"en-US\",\"@id\":\"https:\/\/resone.fr\/en\/about\/#primaryimage\",\"url\":\"https:\/\/resone.fr\/wp-content\/uploads\/2023\/11\/background-social-1.2-resone.png\",\"contentUrl\":\"https:\/\/resone.fr\/wp-content\/uploads\/2023\/11\/background-social-1.2-resone.png\",\"width\":1296,\"height\":718,\"caption\":\"R\u00e9s\u00f4ne Welcome\"},{\"@type\":\"BreadcrumbList\",\"@id\":\"https:\/\/resone.fr\/en\/about\/#breadcrumb\",\"itemListElement\":[{\"@type\":\"ListItem\",\"position\":1,\"name\":\"Accueil\",\"item\":\"https:\/\/resone.fr\/en\/\"},{\"@type\":\"ListItem\",\"position\":2,\"name\":\"OK About EN\"}]},{\"@type\":\"WebSite\",\"@id\":\"https:\/\/resone.fr\/en\/#website\",\"url\":\"https:\/\/resone.fr\/en\/\",\"name\":\"Resone : Design et R&amp;D de syst\u00e8mes audio professionnels\",\"description\":\"Resone accompagne les fabricants du secteur de la sonorisation professionnelle \u00e0 la d\u00e9finition, au design et au d\u00e9veloppement des produits qui feront leur avenir\",\"publisher\":{\"@id\":\"https:\/\/resone.fr\/en\/#organization\"},\"potentialAction\":[{\"@type\":\"SearchAction\",\"target\":{\"@type\":\"EntryPoint\",\"urlTemplate\":\"https:\/\/resone.fr\/en\/?s={search_term_string}\"},\"query-input\":{\"@type\":\"PropertyValueSpecification\",\"valueRequired\":true,\"valueName\":\"search_term_string\"}}],\"inLanguage\":\"en-US\"},{\"@type\":\"Organization\",\"@id\":\"https:\/\/resone.fr\/en\/#organization\",\"name\":\"Resone : Design et R&amp;D de syst\u00e8mes audio professionnels\",\"url\":\"https:\/\/resone.fr\/en\/\",\"logo\":{\"@type\":\"ImageObject\",\"inLanguage\":\"en-US\",\"@id\":\"https:\/\/resone.fr\/en\/#\/schema\/logo\/image\/\",\"url\":\"https:\/\/resone.fr\/wp-content\/uploads\/2023\/09\/cropped-Resone-logo-A4.webp\",\"contentUrl\":\"https:\/\/resone.fr\/wp-content\/uploads\/2023\/09\/cropped-Resone-logo-A4.webp\",\"width\":580,\"height\":290,\"caption\":\"Resone : Design et R&amp;D de syst\u00e8mes audio professionnels\"},\"image\":{\"@id\":\"https:\/\/resone.fr\/en\/#\/schema\/logo\/image\/\"}}]}<\/script>\n<!-- \/ Yoast SEO plugin. -->","yoast_head_json":{"title":"Resone \/ Design and R&D in pro audio, our background and values","description":"Resone offers R&D, design and development services for professional audio products and solutions #audio #architecture #proaudio","robots":{"index":"index","follow":"follow","max-snippet":"max-snippet:-1","max-image-preview":"max-image-preview:large","max-video-preview":"max-video-preview:-1"},"canonical":"https:\/\/resone.fr\/en\/about\/","og_locale":"en_US","og_type":"article","og_title":"Resone - Audio pro Design + R&D","og_description":"Resone is specialized in the design and development of professional audio systems","og_url":"https:\/\/resone.fr\/en\/about\/","og_site_name":"Resone : Design et R&amp;D de syst\u00e8mes audio professionnels","article_modified_time":"2023-11-08T16:09:59+00:00","og_image":[{"width":1296,"height":718,"url":"https:\/\/resone.fr\/wp-content\/uploads\/2023\/11\/background-social-1.2-resone.png","type":"image\/png"}],"twitter_card":"summary_large_image","twitter_misc":{"Est. reading time":"2 minutes"},"schema":{"@context":"https:\/\/schema.org","@graph":[{"@type":"WebPage","@id":"https:\/\/resone.fr\/en\/about\/","url":"https:\/\/resone.fr\/en\/about\/","name":"Resone \/ Design and R&D in pro audio, our background and values","isPartOf":{"@id":"https:\/\/resone.fr\/en\/#website"},"primaryImageOfPage":{"@id":"https:\/\/resone.fr\/en\/about\/#primaryimage"},"image":{"@id":"https:\/\/resone.fr\/en\/about\/#primaryimage"},"thumbnailUrl":"https:\/\/resone.fr\/wp-content\/uploads\/2023\/11\/background-social-1.2-resone.png","datePublished":"2023-11-03T10:37:28+00:00","dateModified":"2023-11-08T16:09:59+00:00","description":"Resone offers R&D, design and development services for professional audio products and solutions #audio #architecture #proaudio","breadcrumb":{"@id":"https:\/\/resone.fr\/en\/about\/#breadcrumb"},"inLanguage":"en-US","potentialAction":[{"@type":"ReadAction","target":["https:\/\/resone.fr\/en\/about\/"]}]},{"@type":"ImageObject","inLanguage":"en-US","@id":"https:\/\/resone.fr\/en\/about\/#primaryimage","url":"https:\/\/resone.fr\/wp-content\/uploads\/2023\/11\/background-social-1.2-resone.png","contentUrl":"https:\/\/resone.fr\/wp-content\/uploads\/2023\/11\/background-social-1.2-resone.png","width":1296,"height":718,"caption":"R\u00e9s\u00f4ne Welcome"},{"@type":"BreadcrumbList","@id":"https:\/\/resone.fr\/en\/about\/#breadcrumb","itemListElement":[{"@type":"ListItem","position":1,"name":"Accueil","item":"https:\/\/resone.fr\/en\/"},{"@type":"ListItem","position":2,"name":"OK About EN"}]},{"@type":"WebSite","@id":"https:\/\/resone.fr\/en\/#website","url":"https:\/\/resone.fr\/en\/","name":"Resone : Design et R&amp;D de syst\u00e8mes audio professionnels","description":"Resone accompagne les fabricants du secteur de la sonorisation professionnelle \u00e0 la d\u00e9finition, au design et au d\u00e9veloppement des produits qui feront leur avenir","publisher":{"@id":"https:\/\/resone.fr\/en\/#organization"},"potentialAction":[{"@type":"SearchAction","target":{"@type":"EntryPoint","urlTemplate":"https:\/\/resone.fr\/en\/?s={search_term_string}"},"query-input":{"@type":"PropertyValueSpecification","valueRequired":true,"valueName":"search_term_string"}}],"inLanguage":"en-US"},{"@type":"Organization","@id":"https:\/\/resone.fr\/en\/#organization","name":"Resone : Design et R&amp;D de syst\u00e8mes audio professionnels","url":"https:\/\/resone.fr\/en\/","logo":{"@type":"ImageObject","inLanguage":"en-US","@id":"https:\/\/resone.fr\/en\/#\/schema\/logo\/image\/","url":"https:\/\/resone.fr\/wp-content\/uploads\/2023\/09\/cropped-Resone-logo-A4.webp","contentUrl":"https:\/\/resone.fr\/wp-content\/uploads\/2023\/09\/cropped-Resone-logo-A4.webp","width":580,"height":290,"caption":"Resone : Design et R&amp;D de syst\u00e8mes audio professionnels"},"image":{"@id":"https:\/\/resone.fr\/en\/#\/schema\/logo\/image\/"}}]}},"_links":{"self":[{"href":"https:\/\/resone.fr\/en\/wp-json\/wp\/v2\/pages\/2322","targetHints":{"allow":["GET"]}}],"collection":[{"href":"https:\/\/resone.fr\/en\/wp-json\/wp\/v2\/pages"}],"about":[{"href":"https:\/\/resone.fr\/en\/wp-json\/wp\/v2\/types\/page"}],"author":[{"embeddable":true,"href":"https:\/\/resone.fr\/en\/wp-json\/wp\/v2\/users\/2"}],"replies":[{"embeddable":true,"href":"https:\/\/resone.fr\/en\/wp-json\/wp\/v2\/comments?post=2322"}],"version-history":[{"count":20,"href":"https:\/\/resone.fr\/en\/wp-json\/wp\/v2\/pages\/2322\/revisions"}],"predecessor-version":[{"id":2370,"href":"https:\/\/resone.fr\/en\/wp-json\/wp\/v2\/pages\/2322\/revisions\/2370"}],"wp:featuredmedia":[{"embeddable":true,"href":"https:\/\/resone.fr\/en\/wp-json\/wp\/v2\/media\/2366"}],"wp:attachment":[{"href":"https:\/\/resone.fr\/en\/wp-json\/wp\/v2\/media?parent=2322"}],"curies":[{"name":"wp","href":"https:\/\/api.w.org\/{rel}","templated":true}]}}